{"id":1665,"date":"2025-10-11T20:52:51","date_gmt":"2025-10-11T18:52:51","guid":{"rendered":"https:\/\/degres123.rigodolo.com\/faq\/"},"modified":"2025-10-29T10:52:32","modified_gmt":"2025-10-29T09:52:32","slug":"faq","status":"publish","type":"page","link":"https:\/\/costoservices.com\/en\/faq\/","title":{"rendered":"FAQ"},"content":{"rendered":"\t\t<div data-elementor-type=\"wp-page\" data-elementor-id=\"1665\" class=\"elementor elementor-1665 elementor-1462\" data-elementor-settings=\"{&quot;ha_cmc_init_switcher&quot;:&quot;no&quot;}\" data-elementor-post-type=\"page\">\n\t\t\t\t<div class=\"elementor-element elementor-element-68a6ad6 e-flex e-con-boxed e-con e-parent\" data-id=\"68a6ad6\" data-element_type=\"container\" data-settings=\"{&quot;background_background&quot;:&quot;classic&quot;,&quot;_ha_eqh_enable&quot;:false}\">\n\t\t\t\t\t<div class=\"e-con-inner\">\n\t\t<div class=\"elementor-element elementor-element-b8e9164 e-con-full e-flex e-con e-child\" data-id=\"b8e9164\" data-element_type=\"container\" data-settings=\"{&quot;_ha_eqh_enable&quot;:false}\">\n\t\t\t\t<div class=\"elementor-element elementor-element-4a3e953 elementor-widget elementor-widget-heading\" data-id=\"4a3e953\" data-element_type=\"widget\" data-widget_type=\"heading.default\">\n\t\t\t\t\t<div class=\"elementor-heading-title elementor-size-default\">Frequently Asked Questions<\/div>\t\t\t\t<\/div>\n\t\t\t\t<div class=\"elementor-element elementor-element-eed68c3 elementor-widget elementor-widget-heading\" data-id=\"eed68c3\" data-element_type=\"widget\" data-widget_type=\"heading.default\">\n\t\t\t\t\t<h1 class=\"elementor-heading-title elementor-size-default\">Learn everything about our self-storage solutions<\/h1>\t\t\t\t<\/div>\n\t\t\t\t<\/div>\n\t\t\t\t\t<\/div>\n\t\t\t\t<\/div>\n\t\t<div class=\"elementor-element elementor-element-1517f66 e-flex e-con-boxed e-con e-parent\" data-id=\"1517f66\" data-element_type=\"container\" data-settings=\"{&quot;_ha_eqh_enable&quot;:false}\">\n\t\t\t\t\t<div class=\"e-con-inner\">\n\t\t<div class=\"elementor-element elementor-element-688b9d4 e-con-full e-flex e-con e-child\" data-id=\"688b9d4\" data-element_type=\"container\" data-settings=\"{&quot;_ha_eqh_enable&quot;:false}\">\n\t\t\t\t<div class=\"elementor-element elementor-element-5566f69 elementor-widget elementor-widget-heading\" data-id=\"5566f69\" data-element_type=\"widget\" data-widget_type=\"heading.default\">\n\t\t\t\t\t<div class=\"elementor-heading-title elementor-size-default\">Do you have a question?<\/div>\t\t\t\t<\/div>\n\t\t\t\t<div class=\"elementor-element elementor-element-e35bf5b elementor-widget__width-initial elementor-widget-mobile__width-inherit elementor-widget-tablet__width-inherit elementor-widget elementor-widget-heading\" data-id=\"e35bf5b\" data-element_type=\"widget\" data-widget_type=\"heading.default\">\n\t\t\t\t\t<h2 class=\"elementor-heading-title elementor-size-default\">Answers to the most common questions<\/h2>\t\t\t\t<\/div>\n\t\t\t\t<div class=\"elementor-element elementor-element-32c8e30 elementor-widget__width-initial elementor-widget-mobile__width-inherit elementor-widget elementor-widget-text-editor\" data-id=\"32c8e30\" data-element_type=\"widget\" data-widget_type=\"text-editor.default\">\n\t\t\t\t\t\t\t\t\tHere you will find answers to the most frequently asked questions about our self-storage solutions: custom design, industrial manufacturing, turnkey installation, and connected locks. Should you not find your answer, our project team will personally assist you. \t\t\t\t\t\t\t\t<\/div>\n\t\t<div class=\"elementor-element elementor-element-7b3ef75 e-con-full e-grid e-con e-child\" data-id=\"7b3ef75\" data-element_type=\"container\" data-settings=\"{&quot;_ha_eqh_enable&quot;:false}\">\n\t\t\t\t<div class=\"elementor-element elementor-element-2030cd8 elementor-widget elementor-widget-jkit_accordion\" data-id=\"2030cd8\" data-element_type=\"widget\" data-widget_type=\"jkit_accordion.default\">\n\t\t\t\t\t<div  class=\"jeg-elementor-kit jkit-accordion style-default jeg_module___69e0fe1217c11\" ><div class=\"card-wrapper expand\">\n                <div class=\"card-header\">\n                    <a href=\"#expand-c7f91a2\" class=\"card-header-button\" aria-expanded=\"false\" data-target=\"#expand-c7f91a2\" aria-controls=\"expand-c7f91a2\">\n                        <span class=\"title\">Quels types de projets r\u00e9alisez-vous ?<\/span><div class=\"right-icon-group\">\n                <div class=\"normal-icon\"><i aria-hidden=\"true\" class=\"jki jki-arrow-down-line\"><\/i><\/div>\n                <div class=\"active-icon\"><i aria-hidden=\"true\" class=\"jki jki-arrow-up-line\"><\/i><\/div>\n            <\/div>\n                    <\/a>\n                <\/div>\n                <div class=\"card-expand\" id=\"expand-c7f91a2\" style=\"display:block\"><div class=\"card-body\">Nous r\u00e9alisons des centres de self-storage complets, de la conception \u00e0 la mise en service. Cloisons, portes, serrures connect\u00e9es et accessoires : nos solutions industrielles s\u2019adaptent aux b\u00e2timents neufs comme \u00e0 la r\u00e9novation.<\/div><\/div>\n            <\/div><div class=\"card-wrapper \">\n                <div class=\"card-header\">\n                    <a href=\"#expand-c265677\" class=\"card-header-button\" aria-expanded=\"false\" data-target=\"#expand-c265677\" aria-controls=\"expand-c265677\">\n                        <span class=\"title\">Travaillez-vous uniquement en France ?<\/span><div class=\"right-icon-group\">\n                <div class=\"normal-icon\"><i aria-hidden=\"true\" class=\"jki jki-arrow-down-line\"><\/i><\/div>\n                <div class=\"active-icon\"><i aria-hidden=\"true\" class=\"jki jki-arrow-up-line\"><\/i><\/div>\n            <\/div>\n                    <\/a>\n                <\/div>\n                <div class=\"card-expand\" id=\"expand-c265677\" style=\"display:none\"><div class=\"card-body\">Non, Costo intervient dans toute l\u2019Europe. Gr\u00e2ce \u00e0 notre logistique int\u00e9gr\u00e9e et nos partenariats industriels, nous assurons les m\u00eames d\u00e9lais et la m\u00eame qualit\u00e9 sur tous nos chantiers europ\u00e9ens.<\/div><\/div>\n            <\/div><div class=\"card-wrapper \">\n                <div class=\"card-header\">\n                    <a href=\"#expand-39bd007\" class=\"card-header-button\" aria-expanded=\"false\" data-target=\"#expand-39bd007\" aria-controls=\"expand-39bd007\">\n                        <span class=\"title\">Les produits sont-ils fabriqu\u00e9s en France ?<\/span><div class=\"right-icon-group\">\n                <div class=\"normal-icon\"><i aria-hidden=\"true\" class=\"jki jki-arrow-down-line\"><\/i><\/div>\n                <div class=\"active-icon\"><i aria-hidden=\"true\" class=\"jki jki-arrow-up-line\"><\/i><\/div>\n            <\/div>\n                    <\/a>\n                <\/div>\n                <div class=\"card-expand\" id=\"expand-39bd007\" style=\"display:none\"><div class=\"card-body\">Oui, nos produits sont con\u00e7us en France et fabriqu\u00e9s en collaboration avec nos partenaires industriels europ\u00e9ens. Cela garantit une tra\u00e7abilit\u00e9 compl\u00e8te, une qualit\u00e9 constante et des d\u00e9lais fermes.<\/div><\/div>\n            <\/div><div class=\"card-wrapper \">\n                <div class=\"card-header\">\n                    <a href=\"#expand-bc59707\" class=\"card-header-button\" aria-expanded=\"false\" data-target=\"#expand-bc59707\" aria-controls=\"expand-bc59707\">\n                        <span class=\"title\">Proposez-vous des solutions personnalis\u00e9es ?<\/span><div class=\"right-icon-group\">\n                <div class=\"normal-icon\"><i aria-hidden=\"true\" class=\"jki jki-arrow-down-line\"><\/i><\/div>\n                <div class=\"active-icon\"><i aria-hidden=\"true\" class=\"jki jki-arrow-up-line\"><\/i><\/div>\n            <\/div>\n                    <\/a>\n                <\/div>\n                <div class=\"card-expand\" id=\"expand-bc59707\" style=\"display:none\"><div class=\"card-body\">Oui. Gr\u00e2ce \u00e0 notre partenariat avec Arcelor Mittal et \u00e0 nos capacit\u00e9s de d\u00e9coupe laser Amada, nous proposons 29 coloris standard et 69 sur mesure, ainsi qu\u2019une personnalisation compl\u00e8te des structures et portes.<\/div><\/div>\n            <\/div><\/div>\t\t\t\t<\/div>\n\t\t\t\t<div class=\"elementor-element elementor-element-e82b0a1 elementor-widget elementor-widget-jkit_accordion\" data-id=\"e82b0a1\" data-element_type=\"widget\" data-widget_type=\"jkit_accordion.default\">\n\t\t\t\t\t<div  class=\"jeg-elementor-kit jkit-accordion style-default jeg_module__1_69e0fe1218448\" ><div class=\"card-wrapper expand\">\n                <div class=\"card-header\">\n                    <a href=\"#expand-c7f91a2\" class=\"card-header-button\" aria-expanded=\"false\" data-target=\"#expand-c7f91a2\" aria-controls=\"expand-c7f91a2\">\n                        <span class=\"title\">Quels sont les d\u00e9lais moyens d\u2019installation ?<\/span><div class=\"right-icon-group\">\n                <div class=\"normal-icon\"><i aria-hidden=\"true\" class=\"jki jki-arrow-down-line\"><\/i><\/div>\n                <div class=\"active-icon\"><i aria-hidden=\"true\" class=\"jki jki-arrow-up-line\"><\/i><\/div>\n            <\/div>\n                    <\/a>\n                <\/div>\n                <div class=\"card-expand\" id=\"expand-c7f91a2\" style=\"display:block\"><div class=\"card-body\">Nos d\u00e9lais sont en moyenne divis\u00e9s par deux par rapport au march\u00e9. Un projet de 3 000 m\u00b2 peut \u00eatre livr\u00e9 en quelques semaines seulement, gr\u00e2ce \u00e0 notre logistique industrielle optimis\u00e9e et nos \u00e9quipes form\u00e9es.<\/div><\/div>\n            <\/div><div class=\"card-wrapper \">\n                <div class=\"card-header\">\n                    <a href=\"#expand-c265677\" class=\"card-header-button\" aria-expanded=\"false\" data-target=\"#expand-c265677\" aria-controls=\"expand-c265677\">\n                        <span class=\"title\">Offrez-vous un service de maintenance apr\u00e8s installation ?<\/span><div class=\"right-icon-group\">\n                <div class=\"normal-icon\"><i aria-hidden=\"true\" class=\"jki jki-arrow-down-line\"><\/i><\/div>\n                <div class=\"active-icon\"><i aria-hidden=\"true\" class=\"jki jki-arrow-up-line\"><\/i><\/div>\n            <\/div>\n                    <\/a>\n                <\/div>\n                <div class=\"card-expand\" id=\"expand-c265677\" style=\"display:none\"><div class=\"card-body\">Oui. Notre service maintenance assure un suivi complet apr\u00e8s la livraison : ajustements techniques, extensions de site, modernisations et int\u00e9gration de nouvelles technologies connect\u00e9es.<\/div><\/div>\n            <\/div><div class=\"card-wrapper \">\n                <div class=\"card-header\">\n                    <a href=\"#expand-39bd007\" class=\"card-header-button\" aria-expanded=\"false\" data-target=\"#expand-39bd007\" aria-controls=\"expand-39bd007\">\n                        <span class=\"title\">Peut-on int\u00e9grer vos serrures connect\u00e9es sur un site existant ?<\/span><div class=\"right-icon-group\">\n                <div class=\"normal-icon\"><i aria-hidden=\"true\" class=\"jki jki-arrow-down-line\"><\/i><\/div>\n                <div class=\"active-icon\"><i aria-hidden=\"true\" class=\"jki jki-arrow-up-line\"><\/i><\/div>\n            <\/div>\n                    <\/a>\n                <\/div>\n                <div class=\"card-expand\" id=\"expand-39bd007\" style=\"display:none\"><div class=\"card-body\">Oui. Nos syst\u00e8mes Smart Storage peuvent \u00eatre install\u00e9s sur des sites neufs ou existants, sans travaux lourds. La serrure connect\u00e9e Costo s\u2019int\u00e8gre facilement et permet une gestion des acc\u00e8s \u00e0 distance.<\/div><\/div>\n            <\/div><div class=\"card-wrapper \">\n                <div class=\"card-header\">\n                    <a href=\"#expand-bc59707\" class=\"card-header-button\" aria-expanded=\"false\" data-target=\"#expand-bc59707\" aria-controls=\"expand-bc59707\">\n                        <span class=\"title\">Comment obtenir un devis pour mon projet ?<\/span><div class=\"right-icon-group\">\n                <div class=\"normal-icon\"><i aria-hidden=\"true\" class=\"jki jki-arrow-down-line\"><\/i><\/div>\n                <div class=\"active-icon\"><i aria-hidden=\"true\" class=\"jki jki-arrow-up-line\"><\/i><\/div>\n            <\/div>\n                    <\/a>\n                <\/div>\n                <div class=\"card-expand\" id=\"expand-bc59707\" style=\"display:none\"><div class=\"card-body\">Contactez-nous via le formulaire en ligne ou par t\u00e9l\u00e9phone. Un charg\u00e9 d\u2019affaires Costo analysera votre projet, r\u00e9alisera une \u00e9tude de faisabilit\u00e9 sur site et vous proposera une solution adapt\u00e9e \u00e0 votre budget et \u00e0 vos d\u00e9lais.<\/div><\/div>\n            <\/div><\/div>\t\t\t\t<\/div>\n\t\t\t\t<\/div>\n\t\t\t\t<\/div>\n\t\t\t\t\t<\/div>\n\t\t\t\t<\/div>\n\t\t\t\t<\/div>\n\t\t","protected":false},"excerpt":{"rendered":"<p>Frequently Asked Questions Learn everything about our self-storage solutions Do you have a question? Answers to the most common questions Here you will find answers to the most frequently asked questions about our self-storage solutions: custom design, industrial manufacturing, turnkey installation, and connected locks. Should you not find your answer, our project team will personally [&hellip;]<\/p>\n","protected":false},"author":1,"featured_media":1663,"parent":0,"menu_order":0,"comment_status":"closed","ping_status":"closed","template":"","meta":{"footnotes":""},"class_list":["post-1665","page","type-page","status-publish","has-post-thumbnail","hentry"],"_links":{"self":[{"href":"https:\/\/costoservices.com\/en\/wp-json\/wp\/v2\/pages\/1665","targetHints":{"allow":["GET"]}}],"collection":[{"href":"https:\/\/costoservices.com\/en\/wp-json\/wp\/v2\/pages"}],"about":[{"href":"https:\/\/costoservices.com\/en\/wp-json\/wp\/v2\/types\/page"}],"author":[{"embeddable":true,"href":"https:\/\/costoservices.com\/en\/wp-json\/wp\/v2\/users\/1"}],"replies":[{"embeddable":true,"href":"https:\/\/costoservices.com\/en\/wp-json\/wp\/v2\/comments?post=1665"}],"version-history":[{"count":2,"href":"https:\/\/costoservices.com\/en\/wp-json\/wp\/v2\/pages\/1665\/revisions"}],"predecessor-version":[{"id":1784,"href":"https:\/\/costoservices.com\/en\/wp-json\/wp\/v2\/pages\/1665\/revisions\/1784"}],"wp:featuredmedia":[{"embeddable":true,"href":"https:\/\/costoservices.com\/en\/wp-json\/wp\/v2\/media\/1663"}],"wp:attachment":[{"href":"https:\/\/costoservices.com\/en\/wp-json\/wp\/v2\/media?parent=1665"}],"curies":[{"name":"wp","href":"https:\/\/api.w.org\/{rel}","templated":true}]}}